	{"id":799,"date":"2025-04-03T10:50:56","date_gmt":"2025-04-03T10:50:56","guid":{"rendered":"https:\/\/dptoaehh.usal.es\/?page_id=799"},"modified":"2025-04-10T12:17:25","modified_gmt":"2025-04-10T12:17:25","slug":"exposiciones","status":"publish","type":"page","link":"https:\/\/dptoaehh.usal.es\/en\/exposiciones\/","title":{"rendered":""},"content":{"rendered":"<p><\/p>\n<div class=\"wpb_wrapper\">\n<h4><\/h4>\n<h4 style=\"text-align: center;\"><span style=\"font-size: 36pt;\">COLECCI\u00d3N DE CERAS ANAT\u00d3MICAS<\/span><\/h4>\n<h4><\/h4>\n<h4 style=\"text-align: center;\"><span style=\"font-size: 36pt;\">Y<\/span><\/h4>\n<p>&nbsp;<\/p>\n<h4 style=\"text-align: center;\"><span style=\"font-size: 36pt;\">COLECCI\u00d3N ELISEO CARRASCAL<br \/>\n<\/span><span style=\"font-size: 36pt;\"><br \/>\n<\/span><span style=\"color: #333333;\"><strong>Exposici\u00f3n permanente.<br \/>\nVest\u00edbulo de la Facultad de Medicina.<\/strong><\/span><\/h4>\n<p style=\"text-align: center;\">Se puede visitar de lunes a viernes de 9:00 a 14:00 horas.<\/p>\n<\/div>\n<p style=\"text-align: center;\">\u00a0 \u00a0 \u00a0<img loading=\"lazy\" decoding=\"async\" class=\"alignnone size-medium wp-image-490\" src=\"https:\/\/dptoaehh.usal.es\/wp-content\/uploads\/sites\/112\/2024\/05\/8-300x200.jpg\" alt=\"\" width=\"300\" height=\"200\" srcset=\"https:\/\/dptoaehh.usal.es\/wp-content\/uploads\/sites\/112\/2024\/05\/8-300x200.jpg 300w, https:\/\/dptoaehh.usal.es\/wp-content\/uploads\/sites\/112\/2024\/05\/8-1024x683.jpg 1024w, https:\/\/dptoaehh.usal.es\/wp-content\/uploads\/sites\/112\/2024\/05\/8-768x512.jpg 768w, https:\/\/dptoaehh.usal.es\/wp-content\/uploads\/sites\/112\/2024\/05\/8-1536x1024.jpg 1536w, https:\/\/dptoaehh.usal.es\/wp-content\/uploads\/sites\/112\/2024\/05\/8-2048x1365.jpg 2048w\" sizes=\"auto, (max-width: 300px) 100vw, 300px\" \/>\u00a0 \u00a0 \u00a0 \u00a0<img loading=\"lazy\" decoding=\"async\" class=\"alignnone size-medium wp-image-857\" src=\"https:\/\/dptoaehh.usal.es\/wp-content\/uploads\/sites\/112\/2025\/04\/DSCF0096-copia-300x209.jpg\" alt=\"\" width=\"300\" height=\"209\" srcset=\"https:\/\/dptoaehh.usal.es\/wp-content\/uploads\/sites\/112\/2025\/04\/DSCF0096-copia-300x209.jpg 300w, https:\/\/dptoaehh.usal.es\/wp-content\/uploads\/sites\/112\/2025\/04\/DSCF0096-copia-1024x715.jpg 1024w, https:\/\/dptoaehh.usal.es\/wp-content\/uploads\/sites\/112\/2025\/04\/DSCF0096-copia-768x536.jpg 768w, https:\/\/dptoaehh.usal.es\/wp-content\/uploads\/sites\/112\/2025\/04\/DSCF0096-copia-1536x1072.jpg 1536w, https:\/\/dptoaehh.usal.es\/wp-content\/uploads\/sites\/112\/2025\/04\/DSCF0096-copia-2048x1429.jpg 2048w\" sizes=\"auto, (max-width: 300px) 100vw, 300px\" \/>\n<\/p>\n<p>&nbsp;<\/p>","protected":false},"excerpt":{"rendered":"<p>COLECCI\u00d3N DE CERAS ANAT\u00d3MICAS Y &nbsp; COLECCI\u00d3N ELISEO CARRASCAL Exposici\u00f3n permanente. Vest\u00edbulo de la Facultad de Medicina. Se puede visitar de lunes a viernes de 9:00 a 14:00 horas. \u00a0 \u00a0 \u00a0\u00a0 \u00a0 \u00a0 \u00a0 &nbsp;<\/p>\n","protected":false},"author":399,"featured_media":0,"parent":0,"menu_order":0,"comment_status":"closed","ping_status":"closed","template":"","meta":{"footnotes":""},"class_list":["post-799","page","type-page","status-publish","hentry"],"aioseo_notices":[],"_links":{"self":[{"href":"https:\/\/dptoaehh.usal.es\/en\/wp-json\/wp\/v2\/pages\/799","targetHints":{"allow":["GET"]}}],"collection":[{"href":"https:\/\/dptoaehh.usal.es\/en\/wp-json\/wp\/v2\/pages"}],"about":[{"href":"https:\/\/dptoaehh.usal.es\/en\/wp-json\/wp\/v2\/types\/page"}],"author":[{"embeddable":true,"href":"https:\/\/dptoaehh.usal.es\/en\/wp-json\/wp\/v2\/users\/399"}],"replies":[{"embeddable":true,"href":"https:\/\/dptoaehh.usal.es\/en\/wp-json\/wp\/v2\/comments?post=799"}],"version-history":[{"count":35,"href":"https:\/\/dptoaehh.usal.es\/en\/wp-json\/wp\/v2\/pages\/799\/revisions"}],"predecessor-version":[{"id":1210,"href":"https:\/\/dptoaehh.usal.es\/en\/wp-json\/wp\/v2\/pages\/799\/revisions\/1210"}],"wp:attachment":[{"href":"https:\/\/dptoaehh.usal.es\/en\/wp-json\/wp\/v2\/media?parent=799"}],"curies":[{"name":"wp","href":"https:\/\/api.w.org\/{rel}","templated":true}]}}